{"id":387,"date":"2023-06-16T15:12:36","date_gmt":"2023-06-16T12:12:36","guid":{"rendered":"https:\/\/leoneotels.com\/?page_id=387"},"modified":"2023-08-05T12:25:47","modified_gmt":"2023-08-05T09:25:47","slug":"galeri","status":"publish","type":"page","link":"https:\/\/leoneotels.com\/index.php\/galeri\/","title":{"rendered":"Galeri"},"content":{"rendered":"<section class=\"wpb-content-wrapper\"><p>[vc_row][vc_column][vc_empty_space height=&#8221;100px&#8221; woodmart_hide_large=&#8221;0&#8243; woodmart_hide_medium=&#8221;0&#8243; woodmart_hide_small=&#8221;0&#8243;][vc_row_inner][vc_column_inner width=&#8221;1\/6&#8243;][\/vc_column_inner][vc_column_inner width=&#8221;2\/3&#8243;][vc_single_image image=&#8221;260&#8243; img_size=&#8221;medium&#8221; alignment=&#8221;center&#8221; parallax_scroll=&#8221;no&#8221; woodmart_inline=&#8221;no&#8221;]\t\t\t<link rel=\"stylesheet\" id=\"wd-section-title-css\" href=\"https:\/\/leoneotels.com\/wp-content\/themes\/woodmart\/css\/parts\/el-section-title.min.css?ver=7.2.4\" type=\"text\/css\" media=\"all\" \/> \t\t\t\t\t\t<link rel=\"stylesheet\" id=\"wd-mod-highlighted-text-css\" href=\"https:\/\/leoneotels.com\/wp-content\/themes\/woodmart\/css\/parts\/mod-highlighted-text.min.css?ver=7.2.4\" type=\"text\/css\" media=\"all\" \/> \t\t\t\n\t\t<div id=\"wd-64b924276ffa3\" class=\"title-wrapper wd-wpb set-mb-s reset-last-child  wd-rs-64b924276ffa3 wd-title-color-default wd-title-style-default text-center  wd-title-empty wd-underline-colored-alt\">\n\t\t\t\n\t\t\t<div class=\"liner-continer\">\n\t\t\t\t<h4 class=\"woodmart-title-container title  wd-font-weight- wd-fontsize-xl\" ><\/h4>\n\t\t\t\t\t\t\t<\/div>\n\t\t\t\n\t\t\t\t\t\t\t<div class=\"title-after_title  set-cont-mb-s reset-last-child  wd-fontsize-s\">Cunda Edition, her zaman misafirlerimizin ihtiya\u00e7lar\u0131n\u0131 kar\u015f\u0131lamak i\u00e7in deneyimli ve profesyonel ekibimizle haz\u0131r bir \u015fekilde beklemektedir.<\/p>\n<p>En iyi hizmeti ve huzurlu bir tatil deneyimini ya\u015famak i\u00e7in bizimle ileti\u015fime ge\u00e7in.<\/div>\n\t\t\t\n\t\t\t\n\t\t<\/div>\n\t\t\n\t\t\t\t\t<link rel=\"stylesheet\" id=\"wd-photoswipe-css\" href=\"https:\/\/leoneotels.com\/wp-content\/themes\/woodmart\/css\/parts\/lib-photoswipe.min.css?ver=7.2.4\" type=\"text\/css\" media=\"all\" \/> \t\t\t\t\t\t<link rel=\"stylesheet\" id=\"wd-image-gallery-css\" href=\"https:\/\/leoneotels.com\/wp-content\/themes\/woodmart\/css\/parts\/el-gallery.min.css?ver=7.2.4\" type=\"text\/css\" media=\"all\" \/> \t\t\t\t\t<div id=\"gallery_430\" class=\"wd-images-gallery wd-rs-64a412e2c2ee0 wd-justify-center wd-items-middle view-masonry photoswipe-images\" >\n\t\t\t<div class=\"gallery-images row wd-spacing-6\">\n\t\t\t\t\t\t\t\t\t\t\t\t\t\t\t<div class=\"wd-gallery-item col-lg-4 col-md-4 col-sm-6 col-6\">\n\t\t\t\t\t\t\t\t\t\t\t\t\t\t<a href=\"https:\/\/leoneotels.com\/wp-content\/uploads\/2023\/06\/01-edition.webp\" data-elementor-open-lightbox=\"no\" data-index=\"1\" data-width=\"1200\" data-height=\"800\"  >\n\t\t\t\t\t\t\t\t\n\t\t\t\t\t\t\t\t\t\t\t\t\t\t\t\t\t<img loading=\"lazy\" decoding=\"async\" width=\"1200\" height=\"800\" src=\"https:\/\/leoneotels.com\/wp-content\/uploads\/2023\/06\/01-edition.webp\" class=\"wd-gallery-image image-1 attachment-full\" alt=\"\" title=\"01-edition\" srcset=\"https:\/\/leoneotels.com\/wp-content\/uploads\/2023\/06\/01-edition.webp 1200w, https:\/\/leoneotels.com\/wp-content\/uploads\/2023\/06\/01-edition-300x200.webp 300w, https:\/\/leoneotels.com\/wp-content\/uploads\/2023\/06\/01-edition-1024x683.webp 1024w, https:\/\/leoneotels.com\/wp-content\/uploads\/2023\/06\/01-edition-768x512.webp 768w\" sizes=\"auto, (max-width: 1200px) 100vw, 1200px\" \/>\t\t\t\t\t\t\t\t\n\n\t\t\t\t\t\t\t\t\t\t\t\t\t\t\t<\/a>\n\t\t\t\t\t\t\t\t\t\t\t\t<\/div>\n\t\t\t\t\t\t\t\t\t\t\t<div class=\"wd-gallery-item col-lg-4 col-md-4 col-sm-6 col-6\">\n\t\t\t\t\t\t\t\t\t\t\t\t\t\t<a href=\"https:\/\/leoneotels.com\/wp-content\/uploads\/2023\/07\/02-edition-.webp\" data-elementor-open-lightbox=\"no\" data-index=\"2\" data-width=\"1200\" data-height=\"1800\"  >\n\t\t\t\t\t\t\t\t\n\t\t\t\t\t\t\t\t\t\t\t\t\t\t\t\t\t<img loading=\"lazy\" decoding=\"async\" width=\"1200\" height=\"1800\" src=\"https:\/\/leoneotels.com\/wp-content\/uploads\/2023\/07\/02-edition-.webp\" class=\"wd-gallery-image image-2 attachment-full\" alt=\"\" title=\"02-edition--\" srcset=\"https:\/\/leoneotels.com\/wp-content\/uploads\/2023\/07\/02-edition-.webp 1200w, https:\/\/leoneotels.com\/wp-content\/uploads\/2023\/07\/02-edition--200x300.webp 200w, https:\/\/leoneotels.com\/wp-content\/uploads\/2023\/07\/02-edition--683x1024.webp 683w, https:\/\/leoneotels.com\/wp-content\/uploads\/2023\/07\/02-edition--768x1152.webp 768w, https:\/\/leoneotels.com\/wp-content\/uploads\/2023\/07\/02-edition--1024x1536.webp 1024w\" sizes=\"auto, (max-width: 1200px) 100vw, 1200px\" \/>\t\t\t\t\t\t\t\t\n\n\t\t\t\t\t\t\t\t\t\t\t\t\t\t\t<\/a>\n\t\t\t\t\t\t\t\t\t\t\t\t<\/div>\n\t\t\t\t\t\t\t\t\t\t\t<div class=\"wd-gallery-item col-lg-4 col-md-4 col-sm-6 col-6\">\n\t\t\t\t\t\t\t\t\t\t\t\t\t\t<a href=\"https:\/\/leoneotels.com\/wp-content\/uploads\/2023\/06\/03-edition.webp\" data-elementor-open-lightbox=\"no\" data-index=\"3\" data-width=\"1200\" data-height=\"800\"  >\n\t\t\t\t\t\t\t\t\n\t\t\t\t\t\t\t\t\t\t\t\t\t\t\t\t\t<img loading=\"lazy\" decoding=\"async\" width=\"1200\" height=\"800\" src=\"https:\/\/leoneotels.com\/wp-content\/uploads\/2023\/06\/03-edition.webp\" class=\"wd-gallery-image image-3 attachment-full\" alt=\"\" title=\"03-edition\" srcset=\"https:\/\/leoneotels.com\/wp-content\/uploads\/2023\/06\/03-edition.webp 1200w, https:\/\/leoneotels.com\/wp-content\/uploads\/2023\/06\/03-edition-300x200.webp 300w, https:\/\/leoneotels.com\/wp-content\/uploads\/2023\/06\/03-edition-1024x683.webp 1024w, https:\/\/leoneotels.com\/wp-content\/uploads\/2023\/06\/03-edition-768x512.webp 768w\" sizes=\"auto, (max-width: 1200px) 100vw, 1200px\" \/>\t\t\t\t\t\t\t\t\n\n\t\t\t\t\t\t\t\t\t\t\t\t\t\t\t<\/a>\n\t\t\t\t\t\t\t\t\t\t\t\t<\/div>\n\t\t\t\t\t\t\t\t\t\t\t<div class=\"wd-gallery-item col-lg-4 col-md-4 col-sm-6 col-6\">\n\t\t\t\t\t\t\t\t\t\t\t\t\t\t<a href=\"https:\/\/leoneotels.com\/wp-content\/uploads\/2023\/06\/04-edition.webp\" data-elementor-open-lightbox=\"no\" data-index=\"4\" data-width=\"1200\" data-height=\"1800\"  >\n\t\t\t\t\t\t\t\t\n\t\t\t\t\t\t\t\t\t\t\t\t\t\t\t\t\t<img loading=\"lazy\" decoding=\"async\" width=\"1200\" height=\"1800\" src=\"https:\/\/leoneotels.com\/wp-content\/uploads\/2023\/06\/04-edition.webp\" class=\"wd-gallery-image image-4 attachment-full\" alt=\"\" title=\"04-edition\" srcset=\"https:\/\/leoneotels.com\/wp-content\/uploads\/2023\/06\/04-edition.webp 1200w, https:\/\/leoneotels.com\/wp-content\/uploads\/2023\/06\/04-edition-200x300.webp 200w, https:\/\/leoneotels.com\/wp-content\/uploads\/2023\/06\/04-edition-683x1024.webp 683w, https:\/\/leoneotels.com\/wp-content\/uploads\/2023\/06\/04-edition-768x1152.webp 768w, https:\/\/leoneotels.com\/wp-content\/uploads\/2023\/06\/04-edition-1024x1536.webp 1024w\" sizes=\"auto, (max-width: 1200px) 100vw, 1200px\" \/>\t\t\t\t\t\t\t\t\n\n\t\t\t\t\t\t\t\t\t\t\t\t\t\t\t<\/a>\n\t\t\t\t\t\t\t\t\t\t\t\t<\/div>\n\t\t\t\t\t\t\t\t\t\t\t<div class=\"wd-gallery-item col-lg-4 col-md-4 col-sm-6 col-6\">\n\t\t\t\t\t\t\t\t\t\t\t\t\t\t<a href=\"https:\/\/leoneotels.com\/wp-content\/uploads\/2023\/06\/06-edition.webp\" data-elementor-open-lightbox=\"no\" data-index=\"5\" data-width=\"1200\" data-height=\"1800\"  >\n\t\t\t\t\t\t\t\t\n\t\t\t\t\t\t\t\t\t\t\t\t\t\t\t\t\t<img loading=\"lazy\" decoding=\"async\" width=\"1200\" height=\"1800\" src=\"https:\/\/leoneotels.com\/wp-content\/uploads\/2023\/06\/06-edition.webp\" class=\"wd-gallery-image image-5 attachment-full\" alt=\"\" title=\"06-edition\" srcset=\"https:\/\/leoneotels.com\/wp-content\/uploads\/2023\/06\/06-edition.webp 1200w, https:\/\/leoneotels.com\/wp-content\/uploads\/2023\/06\/06-edition-200x300.webp 200w, https:\/\/leoneotels.com\/wp-content\/uploads\/2023\/06\/06-edition-683x1024.webp 683w, https:\/\/leoneotels.com\/wp-content\/uploads\/2023\/06\/06-edition-768x1152.webp 768w, https:\/\/leoneotels.com\/wp-content\/uploads\/2023\/06\/06-edition-1024x1536.webp 1024w\" sizes=\"auto, (max-width: 1200px) 100vw, 1200px\" \/>\t\t\t\t\t\t\t\t\n\n\t\t\t\t\t\t\t\t\t\t\t\t\t\t\t<\/a>\n\t\t\t\t\t\t\t\t\t\t\t\t<\/div>\n\t\t\t\t\t\t\t\t\t\t\t<div class=\"wd-gallery-item col-lg-4 col-md-4 col-sm-6 col-6\">\n\t\t\t\t\t\t\t\t\t\t\t\t\t\t<a href=\"https:\/\/leoneotels.com\/wp-content\/uploads\/2023\/06\/05-edition.webp\" data-elementor-open-lightbox=\"no\" data-index=\"6\" data-width=\"1200\" data-height=\"800\"  >\n\t\t\t\t\t\t\t\t\n\t\t\t\t\t\t\t\t\t\t\t\t\t\t\t\t\t<img loading=\"lazy\" decoding=\"async\" width=\"1200\" height=\"800\" src=\"https:\/\/leoneotels.com\/wp-content\/uploads\/2023\/06\/05-edition.webp\" class=\"wd-gallery-image image-6 attachment-full\" alt=\"\" title=\"05-edition\" srcset=\"https:\/\/leoneotels.com\/wp-content\/uploads\/2023\/06\/05-edition.webp 1200w, https:\/\/leoneotels.com\/wp-content\/uploads\/2023\/06\/05-edition-300x200.webp 300w, https:\/\/leoneotels.com\/wp-content\/uploads\/2023\/06\/05-edition-1024x683.webp 1024w, https:\/\/leoneotels.com\/wp-content\/uploads\/2023\/06\/05-edition-768x512.webp 768w\" sizes=\"auto, (max-width: 1200px) 100vw, 1200px\" \/>\t\t\t\t\t\t\t\t\n\n\t\t\t\t\t\t\t\t\t\t\t\t\t\t\t<\/a>\n\t\t\t\t\t\t\t\t\t\t\t\t<\/div>\n\t\t\t\t\t\t\t\t\t\t\t\t<\/div>\n\t\t<\/div>\n\t\t\t\t[vc_empty_space woodmart_hide_large=&#8221;0&#8243; woodmart_hide_medium=&#8221;0&#8243; woodmart_hide_small=&#8221;0&#8243;][vc_single_image image=&#8221;687&#8243; img_size=&#8221;42&#215;42&#8243; alignment=&#8221;center&#8221; onclick=&#8221;custom_link&#8221; parallax_scroll=&#8221;no&#8221; woodmart_inline=&#8221;no&#8221; link=&#8221;https:\/\/www.facebook.com\/cundaedition&#8221; css=&#8221;.vc_custom_1689061412211{margin-left: -120px !important;}&#8221;][vc_single_image image=&#8221;685&#8243; img_size=&#8221;43&#215;43&#8243; alignment=&#8221;center&#8221; onclick=&#8221;custom_link&#8221; parallax_scroll=&#8221;no&#8221; woodmart_inline=&#8221;no&#8221; link=&#8221;https:\/\/www.instagram.com\/cundaedition\/&#8221; css=&#8221;.vc_custom_1689058122305{margin-top: -77px !important;}&#8221;][vc_single_image image=&#8221;686&#8243; img_size=&#8221;43&#215;43&#8243; alignment=&#8221;center&#8221; onclick=&#8221;custom_link&#8221; parallax_scroll=&#8221;no&#8221; woodmart_inline=&#8221;no&#8221; link=&#8221;https:\/\/www.youtube.com\/@CundaEdition&#8221; css=&#8221;.vc_custom_1689061478147{margin-top: -78px !important;margin-left: 130px !important;}&#8221;][\/vc_column_inner][vc_column_inner width=&#8221;1\/6&#8243;][\/vc_column_inner][\/vc_row_inner][\/vc_column][\/vc_row][vc_row][vc_column][vc_empty_space height=&#8221;100px&#8221; woodmart_hide_large=&#8221;0&#8243; woodmart_hide_medium=&#8221;0&#8243; woodmart_hide_small=&#8221;0&#8243;][vc_row_inner][vc_column_inner width=&#8221;1\/6&#8243;][\/vc_column_inner][vc_column_inner width=&#8221;2\/3&#8243;][vc_single_image image=&#8221;261&#8243; img_size=&#8221;medium&#8221; alignment=&#8221;center&#8221; parallax_scroll=&#8221;no&#8221; woodmart_inline=&#8221;no&#8221;]\n\t\t<div id=\"wd-64ce143f6591b\" class=\"title-wrapper wd-wpb set-mb-s reset-last-child  wd-rs-64ce143f6591b wd-title-color-default wd-title-style-default text-center  wd-title-empty wd-underline-colored-alt\">\n\t\t\t\n\t\t\t<div class=\"liner-continer\">\n\t\t\t\t<h4 class=\"woodmart-title-container title  wd-font-weight- wd-fontsize-l\" ><\/h4>\n\t\t\t\t\t\t\t<\/div>\n\t\t\t\n\t\t\t\t\t\t\t<div class=\"title-after_title  set-cont-mb-s reset-last-child  wd-fontsize-xs\">Ayval\u0131k\u2019\u0131n deniz, kum ve g\u00fcne\u015fi Badavut\u2019un huzuruyla Leone Natural\u2019de bulu\u015fuyor. Konforlu ve rahat bir ortamda do\u011fay\u0131 yeniden ke\u015ffedin.<br \/>\nAyval\u0131k\u2019ta Badavut b\u00f6lgesinde, do\u011fan\u0131n tam kalbinde biz de sizlerle bulu\u015fmay\u0131 bekliyoruz.<\/div>\n\t\t\t\n\t\t\t\n\t\t<\/div>\n\t\t\n\t\t\t\t<div id=\"gallery_213\" class=\"wd-images-gallery wd-rs-649a86773350a wd-justify-center wd-items-middle view-masonry photoswipe-images\" >\n\t\t\t<div class=\"gallery-images row wd-spacing-6\">\n\t\t\t\t\t\t\t\t\t\t\t\t\t\t\t<div class=\"wd-gallery-item col-lg-4 col-md-4 col-sm-6 col-6\">\n\t\t\t\t\t\t\t\t\t\t\t\t\t\t<a href=\"https:\/\/leoneotels.com\/wp-content\/uploads\/2023\/06\/01-natural.webp\" data-elementor-open-lightbox=\"no\" data-index=\"1\" data-width=\"1200\" data-height=\"1800\"  >\n\t\t\t\t\t\t\t\t\n\t\t\t\t\t\t\t\t\t\t\t\t\t\t\t\t\t<img loading=\"lazy\" decoding=\"async\" width=\"1200\" height=\"1800\" src=\"https:\/\/leoneotels.com\/wp-content\/uploads\/2023\/06\/01-natural.webp\" class=\"wd-gallery-image image-1 attachment-full\" alt=\"\" title=\"01-natural\" srcset=\"https:\/\/leoneotels.com\/wp-content\/uploads\/2023\/06\/01-natural.webp 1200w, https:\/\/leoneotels.com\/wp-content\/uploads\/2023\/06\/01-natural-200x300.webp 200w, https:\/\/leoneotels.com\/wp-content\/uploads\/2023\/06\/01-natural-683x1024.webp 683w, https:\/\/leoneotels.com\/wp-content\/uploads\/2023\/06\/01-natural-768x1152.webp 768w, https:\/\/leoneotels.com\/wp-content\/uploads\/2023\/06\/01-natural-1024x1536.webp 1024w\" sizes=\"auto, (max-width: 1200px) 100vw, 1200px\" \/>\t\t\t\t\t\t\t\t\n\n\t\t\t\t\t\t\t\t\t\t\t\t\t\t\t<\/a>\n\t\t\t\t\t\t\t\t\t\t\t\t<\/div>\n\t\t\t\t\t\t\t\t\t\t\t<div class=\"wd-gallery-item col-lg-4 col-md-4 col-sm-6 col-6\">\n\t\t\t\t\t\t\t\t\t\t\t\t\t\t<a href=\"https:\/\/leoneotels.com\/wp-content\/uploads\/2023\/06\/02-natural.webp\" data-elementor-open-lightbox=\"no\" data-index=\"2\" data-width=\"1200\" data-height=\"800\"  >\n\t\t\t\t\t\t\t\t\n\t\t\t\t\t\t\t\t\t\t\t\t\t\t\t\t\t<img loading=\"lazy\" decoding=\"async\" width=\"1200\" height=\"800\" src=\"https:\/\/leoneotels.com\/wp-content\/uploads\/2023\/06\/02-natural.webp\" class=\"wd-gallery-image image-2 attachment-full\" alt=\"\" title=\"02-natural\" srcset=\"https:\/\/leoneotels.com\/wp-content\/uploads\/2023\/06\/02-natural.webp 1200w, https:\/\/leoneotels.com\/wp-content\/uploads\/2023\/06\/02-natural-300x200.webp 300w, https:\/\/leoneotels.com\/wp-content\/uploads\/2023\/06\/02-natural-1024x683.webp 1024w, https:\/\/leoneotels.com\/wp-content\/uploads\/2023\/06\/02-natural-768x512.webp 768w\" sizes=\"auto, (max-width: 1200px) 100vw, 1200px\" \/>\t\t\t\t\t\t\t\t\n\n\t\t\t\t\t\t\t\t\t\t\t\t\t\t\t<\/a>\n\t\t\t\t\t\t\t\t\t\t\t\t<\/div>\n\t\t\t\t\t\t\t\t\t\t\t<div class=\"wd-gallery-item col-lg-4 col-md-4 col-sm-6 col-6\">\n\t\t\t\t\t\t\t\t\t\t\t\t\t\t<a href=\"https:\/\/leoneotels.com\/wp-content\/uploads\/2023\/06\/03-natural.webp\" data-elementor-open-lightbox=\"no\" data-index=\"3\" data-width=\"1200\" data-height=\"1800\"  >\n\t\t\t\t\t\t\t\t\n\t\t\t\t\t\t\t\t\t\t\t\t\t\t\t\t\t<img loading=\"lazy\" decoding=\"async\" width=\"1200\" height=\"1800\" src=\"https:\/\/leoneotels.com\/wp-content\/uploads\/2023\/06\/03-natural.webp\" class=\"wd-gallery-image image-3 attachment-full\" alt=\"\" title=\"03-natural\" srcset=\"https:\/\/leoneotels.com\/wp-content\/uploads\/2023\/06\/03-natural.webp 1200w, https:\/\/leoneotels.com\/wp-content\/uploads\/2023\/06\/03-natural-200x300.webp 200w, https:\/\/leoneotels.com\/wp-content\/uploads\/2023\/06\/03-natural-683x1024.webp 683w, https:\/\/leoneotels.com\/wp-content\/uploads\/2023\/06\/03-natural-768x1152.webp 768w, https:\/\/leoneotels.com\/wp-content\/uploads\/2023\/06\/03-natural-1024x1536.webp 1024w\" sizes=\"auto, (max-width: 1200px) 100vw, 1200px\" \/>\t\t\t\t\t\t\t\t\n\n\t\t\t\t\t\t\t\t\t\t\t\t\t\t\t<\/a>\n\t\t\t\t\t\t\t\t\t\t\t\t<\/div>\n\t\t\t\t\t\t\t\t\t\t\t<div class=\"wd-gallery-item col-lg-4 col-md-4 col-sm-6 col-6\">\n\t\t\t\t\t\t\t\t\t\t\t\t\t\t<a href=\"https:\/\/leoneotels.com\/wp-content\/uploads\/2023\/06\/05-natural.webp\" data-elementor-open-lightbox=\"no\" data-index=\"4\" data-width=\"1200\" data-height=\"1800\"  >\n\t\t\t\t\t\t\t\t\n\t\t\t\t\t\t\t\t\t\t\t\t\t\t\t\t\t<img loading=\"lazy\" decoding=\"async\" width=\"1200\" height=\"1800\" src=\"https:\/\/leoneotels.com\/wp-content\/uploads\/2023\/06\/05-natural.webp\" class=\"wd-gallery-image image-4 attachment-full\" alt=\"\" title=\"05-natural\" srcset=\"https:\/\/leoneotels.com\/wp-content\/uploads\/2023\/06\/05-natural.webp 1200w, https:\/\/leoneotels.com\/wp-content\/uploads\/2023\/06\/05-natural-200x300.webp 200w, https:\/\/leoneotels.com\/wp-content\/uploads\/2023\/06\/05-natural-683x1024.webp 683w, https:\/\/leoneotels.com\/wp-content\/uploads\/2023\/06\/05-natural-768x1152.webp 768w, https:\/\/leoneotels.com\/wp-content\/uploads\/2023\/06\/05-natural-1024x1536.webp 1024w\" sizes=\"auto, (max-width: 1200px) 100vw, 1200px\" \/>\t\t\t\t\t\t\t\t\n\n\t\t\t\t\t\t\t\t\t\t\t\t\t\t\t<\/a>\n\t\t\t\t\t\t\t\t\t\t\t\t<\/div>\n\t\t\t\t\t\t\t\t\t\t\t<div class=\"wd-gallery-item col-lg-4 col-md-4 col-sm-6 col-6\">\n\t\t\t\t\t\t\t\t\t\t\t\t\t\t<a href=\"https:\/\/leoneotels.com\/wp-content\/uploads\/2023\/06\/04-natural.webp\" data-elementor-open-lightbox=\"no\" data-index=\"5\" data-width=\"1200\" data-height=\"800\"  >\n\t\t\t\t\t\t\t\t\n\t\t\t\t\t\t\t\t\t\t\t\t\t\t\t\t\t<img loading=\"lazy\" decoding=\"async\" width=\"1200\" height=\"800\" src=\"https:\/\/leoneotels.com\/wp-content\/uploads\/2023\/06\/04-natural.webp\" class=\"wd-gallery-image image-5 attachment-full\" alt=\"\" title=\"04-natural\" srcset=\"https:\/\/leoneotels.com\/wp-content\/uploads\/2023\/06\/04-natural.webp 1200w, https:\/\/leoneotels.com\/wp-content\/uploads\/2023\/06\/04-natural-300x200.webp 300w, https:\/\/leoneotels.com\/wp-content\/uploads\/2023\/06\/04-natural-1024x683.webp 1024w, https:\/\/leoneotels.com\/wp-content\/uploads\/2023\/06\/04-natural-768x512.webp 768w\" sizes=\"auto, (max-width: 1200px) 100vw, 1200px\" \/>\t\t\t\t\t\t\t\t\n\n\t\t\t\t\t\t\t\t\t\t\t\t\t\t\t<\/a>\n\t\t\t\t\t\t\t\t\t\t\t\t<\/div>\n\t\t\t\t\t\t\t\t\t\t\t<div class=\"wd-gallery-item col-lg-4 col-md-4 col-sm-6 col-6\">\n\t\t\t\t\t\t\t\t\t\t\t\t\t\t<a href=\"https:\/\/leoneotels.com\/wp-content\/uploads\/2023\/06\/06-natural.webp\" data-elementor-open-lightbox=\"no\" data-index=\"6\" data-width=\"1200\" data-height=\"800\"  >\n\t\t\t\t\t\t\t\t\n\t\t\t\t\t\t\t\t\t\t\t\t\t\t\t\t\t<img loading=\"lazy\" decoding=\"async\" width=\"1200\" height=\"800\" src=\"https:\/\/leoneotels.com\/wp-content\/uploads\/2023\/06\/06-natural.webp\" class=\"wd-gallery-image image-6 attachment-full\" alt=\"\" title=\"06-natural\" srcset=\"https:\/\/leoneotels.com\/wp-content\/uploads\/2023\/06\/06-natural.webp 1200w, https:\/\/leoneotels.com\/wp-content\/uploads\/2023\/06\/06-natural-300x200.webp 300w, https:\/\/leoneotels.com\/wp-content\/uploads\/2023\/06\/06-natural-1024x683.webp 1024w, https:\/\/leoneotels.com\/wp-content\/uploads\/2023\/06\/06-natural-768x512.webp 768w\" sizes=\"auto, (max-width: 1200px) 100vw, 1200px\" \/>\t\t\t\t\t\t\t\t\n\n\t\t\t\t\t\t\t\t\t\t\t\t\t\t\t<\/a>\n\t\t\t\t\t\t\t\t\t\t\t\t<\/div>\n\t\t\t\t\t\t\t\t\t\t\t\t<\/div>\n\t\t<\/div>\n\t\t\t\t[vc_empty_space woodmart_hide_large=&#8221;0&#8243; woodmart_hide_medium=&#8221;0&#8243; woodmart_hide_small=&#8221;0&#8243;][vc_single_image image=&#8221;687&#8243; img_size=&#8221;42&#215;42&#8243; alignment=&#8221;center&#8221; onclick=&#8221;custom_link&#8221; parallax_scroll=&#8221;no&#8221; woodmart_inline=&#8221;no&#8221; link=&#8221;https:\/\/www.facebook.com\/Leone-Natural-117121838008629&#8243; css=&#8221;.vc_custom_1689062567250{margin-left: -120px !important;}&#8221;][vc_single_image image=&#8221;685&#8243; img_size=&#8221;43&#215;43&#8243; alignment=&#8221;center&#8221; onclick=&#8221;custom_link&#8221; parallax_scroll=&#8221;no&#8221; woodmart_inline=&#8221;no&#8221; link=&#8221;https:\/\/www.instagram.com\/leonenatural\/&#8221; css=&#8221;.vc_custom_1689062545462{margin-top: -77px !important;}&#8221;][vc_single_image image=&#8221;686&#8243; img_size=&#8221;43&#215;43&#8243; alignment=&#8221;center&#8221; onclick=&#8221;custom_link&#8221; parallax_scroll=&#8221;no&#8221; woodmart_inline=&#8221;no&#8221; link=&#8221;https:\/\/www.youtube.com\/channel\/UCtHsx26-j5yxZWQbTcJZumw&#8221; css=&#8221;.vc_custom_1689062522439{margin-top: -78px !important;margin-left: 130px !important;}&#8221;][\/vc_column_inner][vc_column_inner width=&#8221;1\/6&#8243;][\/vc_column_inner][\/vc_row_inner][\/vc_column][\/vc_row][vc_row woodmart_stretch_content=&#8221;section-stretch-content&#8221; css=&#8221;.vc_custom_1686925821984{margin-bottom: -30px !important;background-image: url(http:\/\/leoneotels.com\/wp-content\/uploads\/2023\/06\/Background.webp?id=18) !important;background-position: center !important;background-repeat: no-repeat !important;background-size: cover !important;}&#8221; woodmart_css_id=&#8221;648c71f238877&#8243; responsive_spacing=&#8221;eyJwYXJhbV90eXBlIjoid29vZG1hcnRfcmVzcG9uc2l2ZV9zcGFjaW5nIiwic2VsZWN0b3JfaWQiOiI2NDhjNzFmMjM4ODc3Iiwic2hvcnRjb2RlIjoidmNfcm93IiwiZGF0YSI6eyJ0YWJsZXQiOnt9LCJtb2JpbGUiOnt9fX0=&#8221; mobile_bg_img_hidden=&#8221;no&#8221; tablet_bg_img_hidden=&#8221;no&#8221; woodmart_parallax=&#8221;0&#8243; woodmart_gradient_switch=&#8221;no&#8221; woodmart_box_shadow=&#8221;no&#8221; wd_z_index=&#8221;no&#8221; woodmart_disable_overflow=&#8221;0&#8243; row_reverse_mobile=&#8221;0&#8243; row_reverse_tablet=&#8221;0&#8243;][vc_column][vc_empty_space height=&#8221;100px&#8221; woodmart_hide_large=&#8221;0&#8243; woodmart_hide_medium=&#8221;0&#8243; woodmart_hide_small=&#8221;0&#8243;][vc_empty_space height=&#8221;100px&#8221; woodmart_hide_large=&#8221;0&#8243; woodmart_hide_medium=&#8221;0&#8243; woodmart_hide_small=&#8221;0&#8243;][vc_row_inner][vc_column_inner width=&#8221;1\/6&#8243;][\/vc_column_inner][vc_column_inner width=&#8221;2\/3&#8243;][vc_single_image image=&#8221;259&#8243; img_size=&#8221;medium&#8221; alignment=&#8221;center&#8221; parallax_scroll=&#8221;no&#8221; woodmart_inline=&#8221;no&#8221;]\n\t\t<div id=\"wd-64ce158fb9acf\" class=\"title-wrapper wd-wpb set-mb-s reset-last-child  wd-rs-64ce158fb9acf wd-title-color-default wd-title-style-default text-center  wd-title-empty wd-underline-colored-alt\">\n\t\t\t\n\t\t\t<div class=\"liner-continer\">\n\t\t\t\t<h4 class=\"woodmart-title-container title  wd-font-weight- wd-fontsize-l\" ><\/h4>\n\t\t\t\t\t\t\t<\/div>\n\t\t\t\n\t\t\t\t\t\t\t<div class=\"title-after_title  set-cont-mb-s reset-last-child  wd-fontsize-xs\">L\u00fcks ve \u015f\u0131k tasar\u0131m\u0131n ta\u015f mimaride hayat buldu\u011fu Folia Cunda ile Cunda\u2019n\u0131n ruhuna dokunun. Harika konum, muhte\u015fem do\u011fa ve e\u015fsiz bir tatil keyfi size unutulmaz an\u0131lar arma\u011fan ediyor.<br \/>\nHayat\u0131n i\u00e7inde masal gibi bir tatil i\u00e7in Folia Cunda\u2019da sizleri bekliyoruz.<\/div>\n\t\t\t\n\t\t\t\n\t\t<\/div>\n\t\t\n\t\t[vc_empty_space woodmart_hide_large=&#8221;0&#8243; woodmart_hide_medium=&#8221;0&#8243; woodmart_hide_small=&#8221;0&#8243;][vc_single_image image=&#8221;687&#8243; img_size=&#8221;42&#215;42&#8243; alignment=&#8221;center&#8221; onclick=&#8221;custom_link&#8221; parallax_scroll=&#8221;no&#8221; woodmart_inline=&#8221;no&#8221; link=&#8221;https:\/\/www.facebook.com\/foliacunda&#8221; css=&#8221;.vc_custom_1689062581099{margin-left: -120px !important;}&#8221;][vc_single_image image=&#8221;685&#8243; img_size=&#8221;43&#215;43&#8243; alignment=&#8221;center&#8221; onclick=&#8221;custom_link&#8221; parallax_scroll=&#8221;no&#8221; woodmart_inline=&#8221;no&#8221; link=&#8221;https:\/\/www.instagram.com\/foliacunda\/&#8221; css=&#8221;.vc_custom_1689062551186{margin-top: -77px !important;}&#8221;][vc_single_image image=&#8221;686&#8243; img_size=&#8221;43&#215;43&#8243; alignment=&#8221;center&#8221; onclick=&#8221;custom_link&#8221; parallax_scroll=&#8221;no&#8221; woodmart_inline=&#8221;no&#8221; link=&#8221;https:\/\/www.youtube.com\/channel\/UCaxBrlu_9ciHIwUiUag6cmA&#8221; css=&#8221;.vc_custom_1689062531123{margin-top: -78px !important;margin-left: 130px !important;}&#8221;][\/vc_column_inner][vc_column_inner width=&#8221;1\/6&#8243;][\/vc_column_inner][\/vc_row_inner][vc_empty_space height=&#8221;100px&#8221; woodmart_hide_large=&#8221;0&#8243; woodmart_hide_medium=&#8221;0&#8243; woodmart_hide_small=&#8221;0&#8243;][\/vc_column][\/vc_row]<\/p>\n<\/section>","protected":false},"excerpt":{"rendered":"<p>[vc_row][vc_column][vc_empty_space height=&#8221;100px&#8221; woodmart_hide_large=&#8221;0&#8243; woodmart_hide_medium=&#8221;0&#8243; woodmart_hide_small=&#8221;0&#8243;][vc_row_inner][vc_column_inner width=&#8221;1\/6&#8243;][\/vc_column_inner][vc_column_inner width=&#8221;2\/3&#8243;][vc_single_image image=&#8221;260&#8243; img_size=&#8221;medium&#8221; alignment=&#8221;center&#8221; parallax_scroll=&#8221;no&#8221; woodmart_inline=&#8221;no&#8221;][vc_empty_space woodmart_hide_large=&#8221;0&#8243; woodmart_hide_medium=&#8221;0&#8243; woodmart_hide_small=&#8221;0&#8243;][vc_single_image image=&#8221;687&#8243; img_size=&#8221;42&#215;42&#8243; alignment=&#8221;center&#8221; onclick=&#8221;custom_link&#8221; parallax_scroll=&#8221;no&#8221;<\/p>\n","protected":false},"author":1,"featured_media":0,"parent":0,"menu_order":0,"comment_status":"closed","ping_status":"closed","template":"","meta":{"footnotes":""},"class_list":["post-387","page","type-page","status-publish","hentry"],"_links":{"self":[{"href":"https:\/\/leoneotels.com\/index.php\/wp-json\/wp\/v2\/pages\/387","targetHints":{"allow":["GET"]}}],"collection":[{"href":"https:\/\/leoneotels.com\/index.php\/wp-json\/wp\/v2\/pages"}],"about":[{"href":"https:\/\/leoneotels.com\/index.php\/wp-json\/wp\/v2\/types\/page"}],"author":[{"embeddable":true,"href":"https:\/\/leoneotels.com\/index.php\/wp-json\/wp\/v2\/users\/1"}],"replies":[{"embeddable":true,"href":"https:\/\/leoneotels.com\/index.php\/wp-json\/wp\/v2\/comments?post=387"}],"version-history":[{"count":72,"href":"https:\/\/leoneotels.com\/index.php\/wp-json\/wp\/v2\/pages\/387\/revisions"}],"predecessor-version":[{"id":872,"href":"https:\/\/leoneotels.com\/index.php\/wp-json\/wp\/v2\/pages\/387\/revisions\/872"}],"wp:attachment":[{"href":"https:\/\/leoneotels.com\/index.php\/wp-json\/wp\/v2\/media?parent=387"}],"curies":[{"name":"wp","href":"https:\/\/api.w.org\/{rel}","templated":true}]}}